{"id":4859,"date":"2015-04-30T22:49:24","date_gmt":"2015-04-30T22:49:24","guid":{"rendered":"http:\/\/sistemasdeingenieriaeiluminacion.com\/wp\/?page_id=4859"},"modified":"2021-08-18T21:30:31","modified_gmt":"2021-08-18T21:30:31","slug":"inicio","status":"publish","type":"page","link":"https:\/\/www.sistemasdeingenieriaeiluminacion.com\/wp\/","title":{"rendered":"Inicio"},"content":{"rendered":"<section class=\"wpb-content-wrapper\"><p>[vc_row][vc_column][rev_slider_vc alias=\u00bbinicio\u00bb][vc_column_text css_animation=\u00bbtop-to-bottom\u00bb disable_pattern=\u00bbtrue\u00bb align=\u00bbcenter\u00bb animation=\u00bbleft-to-right\u00bb css=\u00bb.vc_custom_1600208033912{margin-bottom: 0px !important;}\u00bb]<\/p>\n<h2 style=\"text-align: center;\">\u201cSomos una empresa mexicana con m\u00e1s de <span style=\"color: #0e57c0;\"><strong>33 a\u00f1os de experiencia<\/strong><\/span>\u00a0en el ramo de la\u00a0<span style=\"color: #0e57c0;\">iluminaci\u00f3n<\/span>, proyecto e instalaci\u00f3n el\u00e9ctrica\u201d.<\/h2>\n<h2><\/h2>\n<h2 style=\"text-align: center;\"><\/h2>\n<p>[\/vc_column_text]<div class=\"ult-spacer spacer-69ee6b2b89f09\" data-id=\"69ee6b2b89f09\" data-height=\"40\" data-height-mobile=\"40\" data-height-tab=\"40\" data-height-tab-portrait=\"\" data-height-mobile-landscape=\"\" style=\"clear:both;display:block;\"><\/div>[vc_column_text css_animation=\u00bbbottom-to-top\u00bb]<\/p>\n<h2 style=\"text-align: center;\"><span style=\"color: #000000;\"><strong>Somos distribuidores de:<\/strong><\/span><\/h2>\n<p>[\/vc_column_text]<div id=\"ult-carousel-144785351469ee6b2b8a016\" class=\"ult-carousel-wrapper   ult_horizontal\" data-gutter=\"15\" data-rtl=\"false\" ><div class=\"ult-carousel-353357397469ee6b2b89f37 \" >[vc_single_image image=\u00bb4782&#8243; img_size=\u00bbfull\u00bb][vc_single_image image=\u00bb4783&#8243; img_size=\u00bbfull\u00bb][vc_single_image image=\u00bb4784&#8243; img_size=\u00bbfull\u00bb][vc_single_image image=\u00bb4786&#8243; img_size=\u00bbfull\u00bb][vc_single_image image=\u00bb4787&#8243; img_size=\u00bbfull\u00bb][vc_single_image image=\u00bb4788&#8243; img_size=\u00bbfull\u00bb][vc_single_image image=\u00bb4789&#8243; img_size=\u00bbfull\u00bb][vc_single_image image=\u00bb4790&#8243; img_size=\u00bbfull\u00bb][vc_single_image image=\u00bb4791&#8243; img_size=\u00bbfull\u00bb][vc_single_image image=\u00bb4792&#8243; img_size=\u00bbfull\u00bb][vc_single_image image=\u00bb4793&#8243; img_size=\u00bbfull\u00bb]<\/div><\/div>\t\t\t<script type=\"text\/javascript\">\n\t\t\t\tjQuery(document).ready(function ($) {\n\t\t\t\t\tif( typeof jQuery('.ult-carousel-353357397469ee6b2b89f37').slick == \"function\"){\n\t\t\t\t\t\t$('.ult-carousel-353357397469ee6b2b89f37').slick({dots: true,autoplay: true,autoplaySpeed: 5000,speed: 300,infinite: true,arrows: true,nextArrow: '<button type=\"button\" role=\"button\" aria-label=\"Next\" style=\"color:#333333; font-size:20px;\" class=\"slick-next default\"><i class=\"ultsl-arrow-right4\"><\/i><\/button>',prevArrow: '<button type=\"button\" role=\"button\" aria-label=\"Previous\" style=\"color:#333333; font-size:20px;\" class=\"slick-prev default\"><i class=\"ultsl-arrow-left4\"><\/i><\/button>',slidesToScroll:4,slidesToShow:4,swipe: true,draggable: true,touchMove: true,pauseOnHover: true,pauseOnFocus: false,responsive: [\n\t\t\t\t\t\t\t{\n\t\t\t\t\t\t\t  breakpoint: 1026,\n\t\t\t\t\t\t\t  settings: {\n\t\t\t\t\t\t\t\tslidesToShow: 4,\n\t\t\t\t\t\t\t\tslidesToScroll: 4,  \n\t\t\t\t\t\t\t  }\n\t\t\t\t\t\t\t},\n\t\t\t\t\t\t\t{\n\t\t\t\t\t\t\t  breakpoint: 1025,\n\t\t\t\t\t\t\t  settings: {\n\t\t\t\t\t\t\t\tslidesToShow: 3,\n\t\t\t\t\t\t\t\tslidesToScroll: 3\n\t\t\t\t\t\t\t  }\n\t\t\t\t\t\t\t},\n\t\t\t\t\t\t\t{\n\t\t\t\t\t\t\t  breakpoint: 760,\n\t\t\t\t\t\t\t  settings: {\n\t\t\t\t\t\t\t\tslidesToShow: 1,\n\t\t\t\t\t\t\t\tslidesToScroll: 1\n\t\t\t\t\t\t\t  }\n\t\t\t\t\t\t\t}\n\t\t\t\t\t\t],pauseOnDotsHover: true,customPaging: function(slider, i) {\n                   return '<i type=\"button\" style= \"color:#333333;\" class=\"ultsl-record\" data-role=\"none\"><\/i>';\n                },});\n\t\t\t\t\t}\n\t\t\t\t});\n\t\t\t<\/script>\n\t\t\t<div class=\"ult-spacer spacer-69ee6b2b8a05d\" data-id=\"69ee6b2b8a05d\" data-height=\"20\" data-height-mobile=\"20\" data-height-tab=\"20\" data-height-tab-portrait=\"\" data-height-mobile-landscape=\"\" style=\"clear:both;display:block;\"><\/div>[vc_separator el_width=\u00bb80&#8243;][vc_column_text css_animation=\u00bbappear\u00bb disable_pattern=\u00bbtrue\u00bb align=\u00bbcenter\u00bb animation=\u00bbleft-to-right\u00bb css=\u00bb.vc_custom_1435619126768{margin-bottom: 0px !important;}\u00bb]<\/p>\n<h2 style=\"text-align: center;\">Nos preocupamos por la\u00a0<span style=\"color: #0e57c0;\"><strong>calidad<\/strong> <\/span>de nuestros productos para brindarle un buen servicio.<\/h2>\n<h2 style=\"text-align: center;\">En busca de mejorar el medio ambiente, <span style=\"color: #0e57c0;\"><strong>somos especialistas en el ahorro de energ\u00eda.<\/strong><\/span><\/h2>\n<p>[\/vc_column_text]<div class=\"ult-spacer spacer-69ee6b2b8a06d\" data-id=\"69ee6b2b8a06d\" data-height=\"35\" data-height-mobile=\"35\" data-height-tab=\"35\" data-height-tab-portrait=\"\" data-height-mobile-landscape=\"\" style=\"clear:both;display:block;\"><\/div>[vc_row_inner][vc_column_inner][vc_column_text]<\/p>\n<h2 style=\"text-align: center;\">Contamos con:<\/h2>\n<p>[\/vc_column_text][\/vc_column_inner][\/vc_row_inner][\/vc_column][\/vc_row][vc_row][vc_column width=\u00bb1\/3&#8243;]<div class=\"aio-icon-component    style_1\"><div id=\"Info-box-wrap-3072\" class=\"aio-icon-box top-icon\" style=\"\"  ><div class=\"aio-icon-top\"><div class=\"ult-just-icon-wrapper  \"><div class=\"align-icon\" style=\"text-align:center;\">\n<div class=\"aio-icon advanced \" data-animation=\"fadeInLeft\" data-animation-delay=\"03\" style=\"color:#0e57c0;background:#ffffff;border-style:solid;border-color:#0e57c0;border-width:1px;width:50px;height:50px;line-height:50px;border-radius:500px;font-size:32px;display:inline-block;\">\n\t<i class=\"lighting-street9\"><\/i>\n<\/div><\/div><\/div><\/div><div class=\"aio-icon-header\" ><h3 class=\"aio-icon-title ult-responsive\"  data-ultimate-target='#Info-box-wrap-3072 .aio-icon-title'  data-responsive-json-new='{\"font-size\":\"\",\"line-height\":\"\"}'  style=\"\">Iluminaci\u00f3n<\/h3><\/div> <!-- header --><div class=\"aio-icon-description ult-responsive\"  data-ultimate-target='#Info-box-wrap-3072 .aio-icon-description'  data-responsive-json-new='{\"font-size\":\"\",\"line-height\":\"\"}'  style=\"\"><br \/>\n<\/div> <!-- description --><\/div> <!-- aio-icon-box --><\/div> <!-- aio-icon-component -->[vc_row_inner][vc_column_inner width=\u00bb1\/2&#8243;][vc_column_text css_animation=\u00bbtop-to-bottom\u00bb]<\/p>\n<p style=\"text-align: center;\">Industrial.<br \/>\nComercial.<br \/>\nDecorativa.<\/p>\n<p>[\/vc_column_text][\/vc_column_inner][vc_column_inner width=\u00bb1\/2&#8243;][vc_column_text css_animation=\u00bbtop-to-bottom\u00bb]<\/p>\n<p style=\"text-align: center;\">Interior.<br \/>\nExterior.<br \/>\nLeds.<\/p>\n<p>[\/vc_column_text][\/vc_column_inner][\/vc_row_inner][\/vc_column][vc_column width=\u00bb1\/3&#8243;]<div class=\"aio-icon-component    style_1\"><div id=\"Info-box-wrap-5817\" class=\"aio-icon-box top-icon\" style=\"\"  ><div class=\"aio-icon-top\"><div class=\"ult-just-icon-wrapper  \"><div class=\"align-icon\" style=\"text-align:center;\">\n<div class=\"aio-icon advanced \" data-animation=\"fadeInDown\" data-animation-delay=\"03\" style=\"color:#0e57c0;background:#ffffff;border-style:solid;border-color:#0e57c0;border-width:1px;width:50px;height:50px;line-height:50px;border-radius:500px;font-size:32px;display:inline-block;\">\n\t<i class=\"lighting-lamp2\"><\/i>\n<\/div><\/div><\/div><\/div><div class=\"aio-icon-header\" ><h3 class=\"aio-icon-title ult-responsive\"  data-ultimate-target='#Info-box-wrap-5817 .aio-icon-title'  data-responsive-json-new='{\"font-size\":\"\",\"line-height\":\"\"}'  style=\"\">Fabricaci\u00f3n de luminarias especiales<\/h3><\/div> <!-- header --><div class=\"aio-icon-description ult-responsive\"  data-ultimate-target='#Info-box-wrap-5817 .aio-icon-description'  data-responsive-json-new='{\"font-size\":\"\",\"line-height\":\"\"}'  style=\"\"><br \/>\n<\/div> <!-- description --><\/div> <!-- aio-icon-box --><\/div> <!-- aio-icon-component -->[\/vc_column][vc_column width=\u00bb1\/3&#8243;]<div class=\"aio-icon-component    style_1\"><div id=\"Info-box-wrap-1384\" class=\"aio-icon-box top-icon\" style=\"\"  ><div class=\"aio-icon-top\"><div class=\"ult-just-icon-wrapper  \"><div class=\"align-icon\" style=\"text-align:center;\">\n<div class=\"aio-icon advanced \" data-animation=\"fadeInLeft\" data-animation-delay=\"03\" style=\"color:#0e57c0;background:#ffffff;border-style:solid;border-color:#0e57c0;border-width:1px;width:50px;height:50px;line-height:50px;border-radius:500px;font-size:32px;display:inline-block;\">\n\t<i class=\"lighting-lightbulb10\"><\/i>\n<\/div><\/div><\/div><\/div><div class=\"aio-icon-header\" ><h3 class=\"aio-icon-title ult-responsive\"  data-ultimate-target='#Info-box-wrap-1384 .aio-icon-title'  data-responsive-json-new='{\"font-size\":\"\",\"line-height\":\"\"}'  style=\"\">Medidas y dise\u00f1o adaptado a sus necesidades<\/h3><\/div> <!-- header --><div class=\"aio-icon-description ult-responsive\"  data-ultimate-target='#Info-box-wrap-1384 .aio-icon-description'  data-responsive-json-new='{\"font-size\":\"\",\"line-height\":\"\"}'  style=\"\"><br \/>\n<\/div> <!-- description --><\/div> <!-- aio-icon-box --><\/div> <!-- aio-icon-component -->[\/vc_column][\/vc_row][vc_row][vc_column width=\u00bb1\/3&#8243;][vc_single_image image=\u00bb4677&#8243; img_size=\u00bbfull\u00bb alignment=\u00bbcenter\u00bb css_animation=\u00bbappear\u00bb][\/vc_column][vc_column width=\u00bb1\/3&#8243;][vc_single_image image=\u00bb4678&#8243; img_size=\u00bbfull\u00bb alignment=\u00bbcenter\u00bb css_animation=\u00bbappear\u00bb][\/vc_column][vc_column width=\u00bb1\/3&#8243;][vc_single_image image=\u00bb4882&#8243; img_size=\u00bbfull\u00bb alignment=\u00bbcenter\u00bb css_animation=\u00bbappear\u00bb][\/vc_column][\/vc_row]<\/p>\n<\/section>","protected":false},"excerpt":{"rendered":"<p>[vc_row][vc_column][rev_slider_vc alias=\u00bbinicio\u00bb][vc_column_text css_animation=\u00bbtop-to-bottom\u00bb disable_pattern=\u00bbtrue\u00bb align=\u00bbcenter\u00bb animation=\u00bbleft-to-right\u00bb css=\u00bb.vc_custom_1600208033912{margin-bottom: 0px !important;}\u00bb] \u201cSomos una empresa mexicana con m\u00e1s de 33 a\u00f1os de experiencia\u00a0en el ramo de la\u00a0iluminaci\u00f3n, proyecto e instalaci\u00f3n el\u00e9ctrica\u201d. [\/vc_column_text][vc_column_text css_animation=\u00bbbottom-to-top\u00bb] Somos distribuidores de: [\/vc_column_text][vc_separator el_width=\u00bb80&#8243;][vc_column_text css_animation=\u00bbappear\u00bb disable_pattern=\u00bbtrue\u00bb align=\u00bbcenter\u00bb animation=\u00bbleft-to-right\u00bb css=\u00bb.vc_custom_1435619126768{margin-bottom: 0px !important;}\u00bb] Nos preocupamos por la\u00a0calidad de nuestros productos para brindarle un buen servicio. En &#8230; <a title=\"Inicio\" class=\"read-more\" href=\"https:\/\/www.sistemasdeingenieriaeiluminacion.com\/wp\/\">Leer m\u00e1s <span class=\"screen-reader-text\">Inicio<\/span><\/a><\/p>\n","protected":false},"author":1,"featured_media":0,"parent":0,"menu_order":0,"comment_status":"closed","ping_status":"closed","template":"","meta":[],"_links":{"self":[{"href":"https:\/\/www.sistemasdeingenieriaeiluminacion.com\/wp\/wp-json\/wp\/v2\/pages\/4859"}],"collection":[{"href":"https:\/\/www.sistemasdeingenieriaeiluminacion.com\/wp\/wp-json\/wp\/v2\/pages"}],"about":[{"href":"https:\/\/www.sistemasdeingenieriaeiluminacion.com\/wp\/wp-json\/wp\/v2\/types\/page"}],"author":[{"embeddable":true,"href":"https:\/\/www.sistemasdeingenieriaeiluminacion.com\/wp\/wp-json\/wp\/v2\/users\/1"}],"replies":[{"embeddable":true,"href":"https:\/\/www.sistemasdeingenieriaeiluminacion.com\/wp\/wp-json\/wp\/v2\/comments?post=4859"}],"version-history":[{"count":0,"href":"https:\/\/www.sistemasdeingenieriaeiluminacion.com\/wp\/wp-json\/wp\/v2\/pages\/4859\/revisions"}],"wp:attachment":[{"href":"https:\/\/www.sistemasdeingenieriaeiluminacion.com\/wp\/wp-json\/wp\/v2\/media?parent=4859"}],"curies":[{"name":"wp","href":"https:\/\/api.w.org\/{rel}","templated":true}]}}